{"id":156,"date":"2025-02-28T10:47:52","date_gmt":"2025-02-28T10:47:52","guid":{"rendered":"https:\/\/anoncam.com\/?page_id=156"},"modified":"2025-02-28T12:49:19","modified_gmt":"2025-02-28T12:49:19","slug":"rules","status":"publish","type":"page","link":"https:\/\/anoncam.com\/es\/rules\/","title":{"rendered":"Normas"},"content":{"rendered":"<p data-start=\"32\" data-end=\"379\">AnonCam te permite conectarte al instante mediante videollamadas an\u00f3nimas y aleatorias con desconocidos de todo el mundo, de forma gratuita y sin necesidad de registrarte. Nuestra misi\u00f3n es ofrecer un entorno divertido, seguro y respetuoso, similar al de otras plataformas de videollamadas l\u00edderes. Para garantizar una experiencia segura para todos, te pedimos que sigas las siguientes normas.<\/p>\n<h3 data-start=\"381\" data-end=\"406\">Actividades prohibidas<\/h3>\n<ul data-start=\"408\" data-end=\"1563\">\n<li data-start=\"408\" data-end=\"479\"><strong data-start=\"410\" data-end=\"427\">Uso por parte de menores de edad:<\/strong> Debes tener al menos 18 a\u00f1os para usar AnonCam.<\/li>\n<li data-start=\"480\" data-end=\"594\"><strong data-start=\"482\" data-end=\"508\">Contenido inapropiado:<\/strong> Est\u00e1 estrictamente prohibido difundir comentarios vulgares, sexualmente expl\u00edcitos o depresivos.<\/li>\n<li data-start=\"595\" data-end=\"733\"><strong data-start=\"597\" data-end=\"625\">Comportamiento discriminatorio:<\/strong> No est\u00e1 permitido degradar o insultar a otros por motivos de religi\u00f3n, raza, g\u00e9nero, orientaci\u00f3n sexual o edad.<\/li>\n<li data-start=\"734\" data-end=\"826\"><strong data-start=\"736\" data-end=\"751\">Acoso:<\/strong> Cualquier forma de acoso o falta de respeto hacia otros usuarios es inaceptable.<\/li>\n<li data-start=\"827\" data-end=\"988\"><strong data-start=\"829\" data-end=\"850\">Visualizaci\u00f3n expl\u00edcita:<\/strong> No muestres tu pecho desnudo a menos que tu cara sea visible, ni participes en videochats estando completamente desnudo o s\u00f3lo en ropa interior.<\/li>\n<li data-start=\"989\" data-end=\"1174\"><strong data-start=\"991\" data-end=\"1013\">Mala conducta sexual:<\/strong> Est\u00e1 prohibido pedir o presionar a otros para tener sexo virtual, mostrar o tocar partes privadas frente a la c\u00e1mara o enfocar la c\u00e1mara \u00fanicamente debajo del pecho.<\/li>\n<li data-start=\"1175\" data-end=\"1304\"><strong data-start=\"1177\" data-end=\"1201\">Contenido promocional:<\/strong> Evite mostrar texto, im\u00e1genes o v\u00eddeos que dirijan a los usuarios a sitios web externos o promocionen productos.<\/li>\n<li data-start=\"1305\" data-end=\"1448\"><strong data-start=\"1307\" data-end=\"1330\">Actividades ilegales:<\/strong> El uso de AnonCam para facilitar la trata de personas, el tr\u00e1fico sexual, el abuso f\u00edsico o la prostituci\u00f3n est\u00e1 estrictamente prohibido.<\/li>\n<li data-start=\"1449\" data-end=\"1563\"><strong data-start=\"1451\" data-end=\"1478\">Pr\u00e1cticas manipulativas:<\/strong> No est\u00e1 permitido el uso de emuladores de c\u00e1maras web o cualquier tecnolog\u00eda para enga\u00f1ar a otros usuarios.<\/li>\n<\/ul>\n<h3 data-start=\"1565\" data-end=\"1589\">Denuncia de infracciones<\/h3>\n<p data-start=\"1591\" data-end=\"1960\">Si detecta que alg\u00fan usuario infringe estas normas, denuncie el incidente de inmediato. Si adjunta una captura de pantalla a su informe, nos ayudar\u00e1 a tomar medidas r\u00e1pidas y eficaces. Varias quejas contra un mismo usuario pueden resultar en una expulsi\u00f3n autom\u00e1tica. Contamos con su apoyo y cooperaci\u00f3n para mantener un entorno seguro y agradable para todos en AnonCam.<\/p>\n<p data-start=\"1962\" data-end=\"2080\" data-is-last-node=\"\" data-is-only-node=\"\">Al utilizar nuestro servicio, usted acepta seguir estas reglas y ayudar a mantener AnonCam como una comunidad respetuosa y segura para todos.<\/p>","protected":false},"excerpt":{"rendered":"<p>AnonCam lets you connect instantly through anonymous, random video chats with strangers from around the globe\u2014free of charge and without any registration. Our mission is to offer a fun, secure, and respectful environment, similar to other top video chat platforms. To ensure everyone enjoys a safe experience, please adhere to the following rules. Prohibited Activities [&hellip;]<\/p>\n","protected":false},"author":1,"featured_media":0,"parent":0,"menu_order":0,"comment_status":"closed","ping_status":"closed","template":"","meta":{"footnotes":""},"class_list":["post-156","page","type-page","status-publish","hentry"],"yoast_head":"<!-- This site is optimized with the Yoast SEO plugin v27.4 - https:\/\/yoast.com\/product\/yoast-seo-wordpress\/ -->\n<title>Rules - AnonCam<\/title>\n<meta name=\"robots\" content=\"index, follow, max-snippet:-1, max-image-preview:large, max-video-preview:-1\" \/>\n<link rel=\"canonical\" href=\"https:\/\/anoncam.com\/es\/rules\/\" \/>\n<meta property=\"og:locale\" content=\"es_ES\" \/>\n<meta property=\"og:type\" content=\"article\" \/>\n<meta property=\"og:title\" content=\"Rules - AnonCam\" \/>\n<meta property=\"og:description\" content=\"AnonCam lets you connect instantly through anonymous, random video chats with strangers from around the globe\u2014free of charge and without any registration. Our mission is to offer a fun, secure, and respectful environment, similar to other top video chat platforms. To ensure everyone enjoys a safe experience, please adhere to the following rules. Prohibited Activities [&hellip;]\" \/>\n<meta property=\"og:url\" content=\"https:\/\/anoncam.com\/es\/rules\/\" \/>\n<meta property=\"og:site_name\" content=\"AnonCam\" \/>\n<meta property=\"article:modified_time\" content=\"2025-02-28T12:49:19+00:00\" \/>\n<meta name=\"twitter:card\" content=\"summary_large_image\" \/>\n<meta name=\"twitter:label1\" content=\"Tiempo de lectura\" \/>\n\t<meta name=\"twitter:data1\" content=\"2 minutos\" \/>\n<script type=\"application\/ld+json\" class=\"yoast-schema-graph\">{\"@context\":\"https:\\\/\\\/schema.org\",\"@graph\":[{\"@type\":\"WebPage\",\"@id\":\"https:\\\/\\\/anoncam.com\\\/rules\\\/\",\"url\":\"https:\\\/\\\/anoncam.com\\\/rules\\\/\",\"name\":\"Rules - AnonCam\",\"isPartOf\":{\"@id\":\"https:\\\/\\\/anoncam.com\\\/#website\"},\"datePublished\":\"2025-02-28T10:47:52+00:00\",\"dateModified\":\"2025-02-28T12:49:19+00:00\",\"breadcrumb\":{\"@id\":\"https:\\\/\\\/anoncam.com\\\/rules\\\/#breadcrumb\"},\"inLanguage\":\"es\",\"potentialAction\":[{\"@type\":\"ReadAction\",\"target\":[\"https:\\\/\\\/anoncam.com\\\/rules\\\/\"]}]},{\"@type\":\"BreadcrumbList\",\"@id\":\"https:\\\/\\\/anoncam.com\\\/rules\\\/#breadcrumb\",\"itemListElement\":[{\"@type\":\"ListItem\",\"position\":1,\"name\":\"Home\",\"item\":\"https:\\\/\\\/anoncam.com\\\/\"},{\"@type\":\"ListItem\",\"position\":2,\"name\":\"Rules\"}]},{\"@type\":\"WebSite\",\"@id\":\"https:\\\/\\\/anoncam.com\\\/#website\",\"url\":\"https:\\\/\\\/anoncam.com\\\/\",\"name\":\"AnonCam\",\"description\":\"\",\"publisher\":{\"@id\":\"https:\\\/\\\/anoncam.com\\\/#organization\"},\"potentialAction\":[{\"@type\":\"SearchAction\",\"target\":{\"@type\":\"EntryPoint\",\"urlTemplate\":\"https:\\\/\\\/anoncam.com\\\/?s={search_term_string}\"},\"query-input\":{\"@type\":\"PropertyValueSpecification\",\"valueRequired\":true,\"valueName\":\"search_term_string\"}}],\"inLanguage\":\"es\"},{\"@type\":\"Organization\",\"@id\":\"https:\\\/\\\/anoncam.com\\\/#organization\",\"name\":\"AnonCam\",\"url\":\"https:\\\/\\\/anoncam.com\\\/\",\"logo\":{\"@type\":\"ImageObject\",\"inLanguage\":\"es\",\"@id\":\"https:\\\/\\\/anoncam.com\\\/#\\\/schema\\\/logo\\\/image\\\/\",\"url\":\"https:\\\/\\\/anoncam.com\\\/wp-content\\\/uploads\\\/2025\\\/06\\\/anoncam_new1-1.png\",\"contentUrl\":\"https:\\\/\\\/anoncam.com\\\/wp-content\\\/uploads\\\/2025\\\/06\\\/anoncam_new1-1.png\",\"width\":845,\"height\":223,\"caption\":\"AnonCam\"},\"image\":{\"@id\":\"https:\\\/\\\/anoncam.com\\\/#\\\/schema\\\/logo\\\/image\\\/\"}}]}<\/script>\n<!-- \/ Yoast SEO plugin. -->","yoast_head_json":{"title":"Reglas - AnonCam","robots":{"index":"index","follow":"follow","max-snippet":"max-snippet:-1","max-image-preview":"max-image-preview:large","max-video-preview":"max-video-preview:-1"},"canonical":"https:\/\/anoncam.com\/es\/rules\/","og_locale":"es_ES","og_type":"article","og_title":"Rules - AnonCam","og_description":"AnonCam lets you connect instantly through anonymous, random video chats with strangers from around the globe\u2014free of charge and without any registration. Our mission is to offer a fun, secure, and respectful environment, similar to other top video chat platforms. To ensure everyone enjoys a safe experience, please adhere to the following rules. Prohibited Activities [&hellip;]","og_url":"https:\/\/anoncam.com\/es\/rules\/","og_site_name":"AnonCam","article_modified_time":"2025-02-28T12:49:19+00:00","twitter_card":"summary_large_image","twitter_misc":{"Tiempo de lectura":"2 minutos"},"schema":{"@context":"https:\/\/schema.org","@graph":[{"@type":"WebPage","@id":"https:\/\/anoncam.com\/rules\/","url":"https:\/\/anoncam.com\/rules\/","name":"Reglas - AnonCam","isPartOf":{"@id":"https:\/\/anoncam.com\/#website"},"datePublished":"2025-02-28T10:47:52+00:00","dateModified":"2025-02-28T12:49:19+00:00","breadcrumb":{"@id":"https:\/\/anoncam.com\/rules\/#breadcrumb"},"inLanguage":"es","potentialAction":[{"@type":"ReadAction","target":["https:\/\/anoncam.com\/rules\/"]}]},{"@type":"BreadcrumbList","@id":"https:\/\/anoncam.com\/rules\/#breadcrumb","itemListElement":[{"@type":"ListItem","position":1,"name":"Home","item":"https:\/\/anoncam.com\/"},{"@type":"ListItem","position":2,"name":"Rules"}]},{"@type":"WebSite","@id":"https:\/\/anoncam.com\/#website","url":"https:\/\/anoncam.com\/","name":"C\u00e1mara an\u00f3nima","description":"","publisher":{"@id":"https:\/\/anoncam.com\/#organization"},"potentialAction":[{"@type":"SearchAction","target":{"@type":"EntryPoint","urlTemplate":"https:\/\/anoncam.com\/?s={search_term_string}"},"query-input":{"@type":"PropertyValueSpecification","valueRequired":true,"valueName":"search_term_string"}}],"inLanguage":"es"},{"@type":"Organization","@id":"https:\/\/anoncam.com\/#organization","name":"C\u00e1mara an\u00f3nima","url":"https:\/\/anoncam.com\/","logo":{"@type":"ImageObject","inLanguage":"es","@id":"https:\/\/anoncam.com\/#\/schema\/logo\/image\/","url":"https:\/\/anoncam.com\/wp-content\/uploads\/2025\/06\/anoncam_new1-1.png","contentUrl":"https:\/\/anoncam.com\/wp-content\/uploads\/2025\/06\/anoncam_new1-1.png","width":845,"height":223,"caption":"AnonCam"},"image":{"@id":"https:\/\/anoncam.com\/#\/schema\/logo\/image\/"}}]}},"_links":{"self":[{"href":"https:\/\/anoncam.com\/es\/wp-json\/wp\/v2\/pages\/156","targetHints":{"allow":["GET"]}}],"collection":[{"href":"https:\/\/anoncam.com\/es\/wp-json\/wp\/v2\/pages"}],"about":[{"href":"https:\/\/anoncam.com\/es\/wp-json\/wp\/v2\/types\/page"}],"author":[{"embeddable":true,"href":"https:\/\/anoncam.com\/es\/wp-json\/wp\/v2\/users\/1"}],"replies":[{"embeddable":true,"href":"https:\/\/anoncam.com\/es\/wp-json\/wp\/v2\/comments?post=156"}],"version-history":[{"count":2,"href":"https:\/\/anoncam.com\/es\/wp-json\/wp\/v2\/pages\/156\/revisions"}],"predecessor-version":[{"id":168,"href":"https:\/\/anoncam.com\/es\/wp-json\/wp\/v2\/pages\/156\/revisions\/168"}],"wp:attachment":[{"href":"https:\/\/anoncam.com\/es\/wp-json\/wp\/v2\/media?parent=156"}],"curies":[{"name":"gracias","href":"https:\/\/api.w.org\/{rel}","templated":true}]}}