{"id":156,"date":"2025-02-28T10:47:52","date_gmt":"2025-02-28T10:47:52","guid":{"rendered":"https:\/\/anoncam.com\/?page_id=156"},"modified":"2025-02-28T12:49:19","modified_gmt":"2025-02-28T12:49:19","slug":"rules","status":"publish","type":"page","link":"https:\/\/anoncam.com\/fr\/rules\/","title":{"rendered":"R\u00e8gles"},"content":{"rendered":"<p data-start=\"32\" data-end=\"379\">AnonCam vous permet de vous connecter instantan\u00e9ment et anonymement par vid\u00e9o avec des inconnus du monde entier, sans inscription ni frais. Notre mission est de vous offrir un environnement convivial, s\u00e9curis\u00e9 et respectueux, \u00e0 l&#039;instar des meilleures plateformes de chat vid\u00e9o. Pour que chacun puisse profiter d&#039;une exp\u00e9rience en toute s\u00e9curit\u00e9, veuillez respecter les r\u00e8gles suivantes.<\/p>\n<h3 data-start=\"381\" data-end=\"406\">Activit\u00e9s interdites<\/h3>\n<ul data-start=\"408\" data-end=\"1563\">\n<li data-start=\"408\" data-end=\"479\"><strong data-start=\"410\" data-end=\"427\">Utilisation par des mineurs :<\/strong> Vous devez avoir au moins 18 ans pour utiliser AnonCam.<\/li>\n<li data-start=\"480\" data-end=\"594\"><strong data-start=\"482\" data-end=\"508\">Contenu inappropri\u00e9 :<\/strong> La diffusion de commentaires vulgaires, sexuellement explicites ou d\u00e9pressifs est strictement interdite.<\/li>\n<li data-start=\"595\" data-end=\"733\"><strong data-start=\"597\" data-end=\"625\">Comportement discriminatoire :<\/strong> Il est interdit de d\u00e9grader ou d\u2019insulter autrui en raison de sa religion, de sa race, de son sexe, de son orientation sexuelle ou de son \u00e2ge.<\/li>\n<li data-start=\"734\" data-end=\"826\"><strong data-start=\"736\" data-end=\"751\">Harc\u00e8lement:<\/strong> Toute forme de harc\u00e8lement ou de manque de respect envers les autres utilisateurs est inacceptable.<\/li>\n<li data-start=\"827\" data-end=\"988\"><strong data-start=\"829\" data-end=\"850\">Affichage explicite\u00a0:<\/strong> Ne montrez pas votre poitrine nue \u00e0 moins que votre visage ne soit visible, et ne participez pas \u00e0 des conversations vid\u00e9o en \u00e9tant compl\u00e8tement nu ou uniquement en sous-v\u00eatements.<\/li>\n<li data-start=\"989\" data-end=\"1174\"><strong data-start=\"991\" data-end=\"1013\">Inconduite sexuelle :<\/strong> Il est interdit de demander ou de faire pression sur d\u2019autres personnes pour avoir des relations sexuelles virtuelles, d\u2019afficher ou de toucher des parties intimes devant une cam\u00e9ra ou de focaliser la cam\u00e9ra uniquement sous votre poitrine.<\/li>\n<li data-start=\"1175\" data-end=\"1304\"><strong data-start=\"1177\" data-end=\"1201\">Contenu promotionnel :<\/strong> \u00c9vitez d\u2019afficher du texte, des images ou des vid\u00e9os qui dirigent les utilisateurs vers des sites Web externes ou font la promotion de produits.<\/li>\n<li data-start=\"1305\" data-end=\"1448\"><strong data-start=\"1307\" data-end=\"1330\">Activit\u00e9s ill\u00e9gales :<\/strong> L&#039;utilisation d&#039;AnonCam pour faciliter la traite des \u00eatres humains, le trafic sexuel, les abus physiques ou la prostitution est strictement interdite.<\/li>\n<li data-start=\"1449\" data-end=\"1563\"><strong data-start=\"1451\" data-end=\"1478\">Pratiques manipulatrices :<\/strong> L&#039;utilisation d&#039;\u00e9mulateurs de webcam ou de toute technologie visant \u00e0 tromper les autres utilisateurs n&#039;est pas autoris\u00e9e.<\/li>\n<\/ul>\n<h3 data-start=\"1565\" data-end=\"1589\">Signaler les violations<\/h3>\n<p data-start=\"1591\" data-end=\"1960\">Si vous constatez qu&#039;un utilisateur enfreint ces r\u00e8gles, veuillez signaler l&#039;incident imm\u00e9diatement. Veuillez joindre une capture d&#039;\u00e9cran \u00e0 votre signalement afin que nous puissions r\u00e9agir rapidement et efficacement. Plusieurs plaintes contre un m\u00eame utilisateur peuvent entra\u00eener un bannissement automatique. Nous comptons sur votre soutien et votre coop\u00e9ration pour maintenir un environnement s\u00fbr et agr\u00e9able pour tous sur AnonCam.<\/p>\n<p data-start=\"1962\" data-end=\"2080\" data-is-last-node=\"\" data-is-only-node=\"\">En utilisant notre service, vous acceptez de suivre ces r\u00e8gles et de contribuer \u00e0 faire d&#039;AnonCam une communaut\u00e9 respectueuse et s\u00e9curis\u00e9e pour tous.<\/p>","protected":false},"excerpt":{"rendered":"<p>AnonCam lets you connect instantly through anonymous, random video chats with strangers from around the globe\u2014free of charge and without any registration. Our mission is to offer a fun, secure, and respectful environment, similar to other top video chat platforms. To ensure everyone enjoys a safe experience, please adhere to the following rules. Prohibited Activities [&hellip;]<\/p>\n","protected":false},"author":1,"featured_media":0,"parent":0,"menu_order":0,"comment_status":"closed","ping_status":"closed","template":"","meta":{"footnotes":""},"class_list":["post-156","page","type-page","status-publish","hentry"],"yoast_head":"<!-- This site is optimized with the Yoast SEO plugin v27.4 - https:\/\/yoast.com\/product\/yoast-seo-wordpress\/ -->\n<title>Rules - AnonCam<\/title>\n<meta name=\"robots\" content=\"index, follow, max-snippet:-1, max-image-preview:large, max-video-preview:-1\" \/>\n<link rel=\"canonical\" href=\"https:\/\/anoncam.com\/fr\/rules\/\" \/>\n<meta property=\"og:locale\" content=\"fr_FR\" \/>\n<meta property=\"og:type\" content=\"article\" \/>\n<meta property=\"og:title\" content=\"Rules - AnonCam\" \/>\n<meta property=\"og:description\" content=\"AnonCam lets you connect instantly through anonymous, random video chats with strangers from around the globe\u2014free of charge and without any registration. Our mission is to offer a fun, secure, and respectful environment, similar to other top video chat platforms. To ensure everyone enjoys a safe experience, please adhere to the following rules. Prohibited Activities [&hellip;]\" \/>\n<meta property=\"og:url\" content=\"https:\/\/anoncam.com\/fr\/rules\/\" \/>\n<meta property=\"og:site_name\" content=\"AnonCam\" \/>\n<meta property=\"article:modified_time\" content=\"2025-02-28T12:49:19+00:00\" \/>\n<meta name=\"twitter:card\" content=\"summary_large_image\" \/>\n<meta name=\"twitter:label1\" content=\"Dur\u00e9e de lecture estim\u00e9e\" \/>\n\t<meta name=\"twitter:data1\" content=\"2 minutes\" \/>\n<script type=\"application\/ld+json\" class=\"yoast-schema-graph\">{\"@context\":\"https:\\\/\\\/schema.org\",\"@graph\":[{\"@type\":\"WebPage\",\"@id\":\"https:\\\/\\\/anoncam.com\\\/rules\\\/\",\"url\":\"https:\\\/\\\/anoncam.com\\\/rules\\\/\",\"name\":\"Rules - AnonCam\",\"isPartOf\":{\"@id\":\"https:\\\/\\\/anoncam.com\\\/#website\"},\"datePublished\":\"2025-02-28T10:47:52+00:00\",\"dateModified\":\"2025-02-28T12:49:19+00:00\",\"breadcrumb\":{\"@id\":\"https:\\\/\\\/anoncam.com\\\/rules\\\/#breadcrumb\"},\"inLanguage\":\"fr-FR\",\"potentialAction\":[{\"@type\":\"ReadAction\",\"target\":[\"https:\\\/\\\/anoncam.com\\\/rules\\\/\"]}]},{\"@type\":\"BreadcrumbList\",\"@id\":\"https:\\\/\\\/anoncam.com\\\/rules\\\/#breadcrumb\",\"itemListElement\":[{\"@type\":\"ListItem\",\"position\":1,\"name\":\"Home\",\"item\":\"https:\\\/\\\/anoncam.com\\\/\"},{\"@type\":\"ListItem\",\"position\":2,\"name\":\"Rules\"}]},{\"@type\":\"WebSite\",\"@id\":\"https:\\\/\\\/anoncam.com\\\/#website\",\"url\":\"https:\\\/\\\/anoncam.com\\\/\",\"name\":\"AnonCam\",\"description\":\"\",\"publisher\":{\"@id\":\"https:\\\/\\\/anoncam.com\\\/#organization\"},\"potentialAction\":[{\"@type\":\"SearchAction\",\"target\":{\"@type\":\"EntryPoint\",\"urlTemplate\":\"https:\\\/\\\/anoncam.com\\\/?s={search_term_string}\"},\"query-input\":{\"@type\":\"PropertyValueSpecification\",\"valueRequired\":true,\"valueName\":\"search_term_string\"}}],\"inLanguage\":\"fr-FR\"},{\"@type\":\"Organization\",\"@id\":\"https:\\\/\\\/anoncam.com\\\/#organization\",\"name\":\"AnonCam\",\"url\":\"https:\\\/\\\/anoncam.com\\\/\",\"logo\":{\"@type\":\"ImageObject\",\"inLanguage\":\"fr-FR\",\"@id\":\"https:\\\/\\\/anoncam.com\\\/#\\\/schema\\\/logo\\\/image\\\/\",\"url\":\"https:\\\/\\\/anoncam.com\\\/wp-content\\\/uploads\\\/2025\\\/06\\\/anoncam_new1-1.png\",\"contentUrl\":\"https:\\\/\\\/anoncam.com\\\/wp-content\\\/uploads\\\/2025\\\/06\\\/anoncam_new1-1.png\",\"width\":845,\"height\":223,\"caption\":\"AnonCam\"},\"image\":{\"@id\":\"https:\\\/\\\/anoncam.com\\\/#\\\/schema\\\/logo\\\/image\\\/\"}}]}<\/script>\n<!-- \/ Yoast SEO plugin. -->","yoast_head_json":{"title":"R\u00e8gles - AnonCam","robots":{"index":"index","follow":"follow","max-snippet":"max-snippet:-1","max-image-preview":"max-image-preview:large","max-video-preview":"max-video-preview:-1"},"canonical":"https:\/\/anoncam.com\/fr\/rules\/","og_locale":"fr_FR","og_type":"article","og_title":"Rules - AnonCam","og_description":"AnonCam lets you connect instantly through anonymous, random video chats with strangers from around the globe\u2014free of charge and without any registration. Our mission is to offer a fun, secure, and respectful environment, similar to other top video chat platforms. To ensure everyone enjoys a safe experience, please adhere to the following rules. Prohibited Activities [&hellip;]","og_url":"https:\/\/anoncam.com\/fr\/rules\/","og_site_name":"AnonCam","article_modified_time":"2025-02-28T12:49:19+00:00","twitter_card":"summary_large_image","twitter_misc":{"Dur\u00e9e de lecture estim\u00e9e":"2 minutes"},"schema":{"@context":"https:\/\/schema.org","@graph":[{"@type":"WebPage","@id":"https:\/\/anoncam.com\/rules\/","url":"https:\/\/anoncam.com\/rules\/","name":"R\u00e8gles - AnonCam","isPartOf":{"@id":"https:\/\/anoncam.com\/#website"},"datePublished":"2025-02-28T10:47:52+00:00","dateModified":"2025-02-28T12:49:19+00:00","breadcrumb":{"@id":"https:\/\/anoncam.com\/rules\/#breadcrumb"},"inLanguage":"fr-FR","potentialAction":[{"@type":"ReadAction","target":["https:\/\/anoncam.com\/rules\/"]}]},{"@type":"BreadcrumbList","@id":"https:\/\/anoncam.com\/rules\/#breadcrumb","itemListElement":[{"@type":"ListItem","position":1,"name":"Home","item":"https:\/\/anoncam.com\/"},{"@type":"ListItem","position":2,"name":"Rules"}]},{"@type":"WebSite","@id":"https:\/\/anoncam.com\/#website","url":"https:\/\/anoncam.com\/","name":"AnonCam","description":"","publisher":{"@id":"https:\/\/anoncam.com\/#organization"},"potentialAction":[{"@type":"SearchAction","target":{"@type":"EntryPoint","urlTemplate":"https:\/\/anoncam.com\/?s={search_term_string}"},"query-input":{"@type":"PropertyValueSpecification","valueRequired":true,"valueName":"search_term_string"}}],"inLanguage":"fr-FR"},{"@type":"Organization","@id":"https:\/\/anoncam.com\/#organization","name":"AnonCam","url":"https:\/\/anoncam.com\/","logo":{"@type":"ImageObject","inLanguage":"fr-FR","@id":"https:\/\/anoncam.com\/#\/schema\/logo\/image\/","url":"https:\/\/anoncam.com\/wp-content\/uploads\/2025\/06\/anoncam_new1-1.png","contentUrl":"https:\/\/anoncam.com\/wp-content\/uploads\/2025\/06\/anoncam_new1-1.png","width":845,"height":223,"caption":"AnonCam"},"image":{"@id":"https:\/\/anoncam.com\/#\/schema\/logo\/image\/"}}]}},"_links":{"self":[{"href":"https:\/\/anoncam.com\/fr\/wp-json\/wp\/v2\/pages\/156","targetHints":{"allow":["GET"]}}],"collection":[{"href":"https:\/\/anoncam.com\/fr\/wp-json\/wp\/v2\/pages"}],"about":[{"href":"https:\/\/anoncam.com\/fr\/wp-json\/wp\/v2\/types\/page"}],"author":[{"embeddable":true,"href":"https:\/\/anoncam.com\/fr\/wp-json\/wp\/v2\/users\/1"}],"replies":[{"embeddable":true,"href":"https:\/\/anoncam.com\/fr\/wp-json\/wp\/v2\/comments?post=156"}],"version-history":[{"count":2,"href":"https:\/\/anoncam.com\/fr\/wp-json\/wp\/v2\/pages\/156\/revisions"}],"predecessor-version":[{"id":168,"href":"https:\/\/anoncam.com\/fr\/wp-json\/wp\/v2\/pages\/156\/revisions\/168"}],"wp:attachment":[{"href":"https:\/\/anoncam.com\/fr\/wp-json\/wp\/v2\/media?parent=156"}],"curies":[{"name":"wp","href":"https:\/\/api.w.org\/{rel}","templated":true}]}}