{"id":162,"date":"2025-02-28T12:44:02","date_gmt":"2025-02-28T12:44:02","guid":{"rendered":"https:\/\/anoncam.com\/?page_id=162"},"modified":"2025-02-28T12:46:03","modified_gmt":"2025-02-28T12:46:03","slug":"privacy","status":"publish","type":"page","link":"https:\/\/anoncam.com\/tr\/privacy\/","title":{"rendered":"Mahremiyet"},"content":{"rendered":"<p data-start=\"18\" data-end=\"384\">AnonCam&#039;de gizlili\u011finiz en b\u00fcy\u00fck \u00f6nceli\u011fimizdir. Ki\u015fisel bilgilerinizi tehlikeye atmadan, spontane g\u00f6r\u00fcnt\u00fcl\u00fc sohbetler i\u00e7in g\u00fcvenli ve anonim bir platform sa\u011flamay\u0131 taahh\u00fct ediyoruz. Bu politika, hangi verileri toplad\u0131\u011f\u0131m\u0131z\u0131, bunlar\u0131 nas\u0131l kulland\u0131\u011f\u0131m\u0131z\u0131 ve hizmetimizi kullan\u0131rken gizlili\u011finizin korunmas\u0131n\u0131 sa\u011flamak i\u00e7in ald\u0131\u011f\u0131m\u0131z \u00f6nlemleri a\u00e7\u0131klamaktad\u0131r.<\/p>\n<h3 data-start=\"386\" data-end=\"931\">Toplad\u0131\u011f\u0131m\u0131z Bilgiler<\/h3>\n<p data-start=\"386\" data-end=\"931\">AnonCam kay\u0131t veya hesap olu\u015fturma gerektirmedi\u011finden, platformu kullan\u0131m\u0131n\u0131z s\u0131ras\u0131nda ki\u015fisel olarak tan\u0131mlanabilir bilgiler toplam\u0131yoruz. Ancak, sorunsuz bir \u00e7al\u0131\u015fma sa\u011flamak ve g\u00fcvenli\u011fi s\u00fcrd\u00fcrmek i\u00e7in sunucular\u0131m\u0131z IP adresleri gibi ba\u011flant\u0131 ayr\u0131nt\u0131lar\u0131n\u0131 ge\u00e7ici olarak kaydedebilir. Bu g\u00fcnl\u00fckler k\u00f6t\u00fcye kullan\u0131m\u0131 izlemeye ve topluluk y\u00f6nergelerimize uyumu sa\u011flamaya yard\u0131mc\u0131 olur. Emin olun, kaydedilen t\u00fcm veriler yaln\u0131zca hizmetimizin g\u00fcvenli\u011fini ve b\u00fct\u00fcnl\u00fc\u011f\u00fcn\u00fc korumak i\u00e7in kullan\u0131l\u0131r ve k\u0131sa bir s\u00fcre sonra otomatik olarak silinir.<\/p>\n<h3 data-start=\"933\" data-end=\"1329\">\u00c7erezler ve \u0130zleme Teknolojileri<\/h3>\n<p data-start=\"933\" data-end=\"1329\">AnonCam, tarama deneyiminizi geli\u015ftirmek i\u00e7in \u00e7erezler ve benzer izleme teknolojileri kullanabilir. Bu ara\u00e7lar, site i\u015flevselli\u011fini iyile\u015ftirmemize, kullan\u0131c\u0131 tercihlerini hat\u0131rlamam\u0131za ve ki\u015fiselle\u015ftirilmi\u015f bir deneyim sunmam\u0131za olanak tan\u0131r. \u00c7erez tercihlerinizi taray\u0131c\u0131 ayarlar\u0131n\u0131z arac\u0131l\u0131\u011f\u0131yla y\u00f6netebilirsiniz. \u00c7erezleri devre d\u0131\u015f\u0131 b\u0131rakman\u0131n platformumuzun baz\u0131 \u00f6zelliklerini etkileyebilece\u011fini l\u00fctfen unutmay\u0131n.<\/p>\n<h3 data-start=\"1331\" data-end=\"1714\">Bilgilerinizin Kullan\u0131m\u0131<\/h3>\n<p data-start=\"1331\" data-end=\"1714\">Toplad\u0131\u011f\u0131m\u0131z s\u0131n\u0131rl\u0131 veriler yaln\u0131zca AnonCam&#039;in verimli ve g\u00fcvenli bir \u015fekilde \u00e7al\u0131\u015fmas\u0131n\u0131 sa\u011flamak i\u00e7in kullan\u0131l\u0131r. Bilgilerinizi pazarlama veya profil olu\u015fturma ama\u00e7lar\u0131yla \u00fc\u00e7\u00fcnc\u00fc taraflarla satmay\u0131z, payla\u015fmay\u0131z veya takas etmeyiz. Verileriniz kullan\u0131m modellerini analiz etmemize, performans\u0131 izlememize ve hizmetimizi s\u00fcrekli iyile\u015ftirmemize yard\u0131mc\u0131 olur; t\u00fcm bunlar\u0131 yaparken kimli\u011finizi koruruz.<\/p>\n<h3 data-start=\"1716\" data-end=\"2102\">G\u00fcvenlik \u00d6nlemleri<\/h3>\n<p data-start=\"1716\" data-end=\"2102\">AnonCam, bilgilerinizi korumak i\u00e7in end\u00fcstri standard\u0131 g\u00fcvenlik uygulamalar\u0131n\u0131 kullan\u0131r. Hi\u00e7bir \u00e7evrimi\u00e7i iletim veya depolama y\u00f6ntemi tamamen kusursuz olmasa da, verilerinizi yetkisiz eri\u015fime, de\u011fi\u015fikli\u011fe, if\u015faya veya imhaya kar\u015f\u0131 korumak i\u00e7in \u00e7abal\u0131yoruz. G\u00fcvenli\u011fe olan ba\u011fl\u0131l\u0131\u011f\u0131m\u0131z, gizlili\u011finiz ve g\u00fcvenli\u011finiz konusunda g\u00fcvenle platformumuzun keyfini \u00e7\u0131karabilece\u011finiz anlam\u0131na gelir.<\/p>\n<h3 data-start=\"2104\" data-end=\"2417\">\u00dc\u00e7\u00fcnc\u00fc Taraf Ba\u011flant\u0131lar\u0131 ve Hizmetleri<\/h3>\n<p data-start=\"2104\" data-end=\"2417\">Web sitemiz \u00fc\u00e7\u00fcnc\u00fc taraf web sitelerine veya hizmetlerine ba\u011flant\u0131lar i\u00e7erebilir. L\u00fctfen bu Gizlilik Politikas\u0131n\u0131n bu harici siteler i\u00e7in ge\u00e7erli olmad\u0131\u011f\u0131n\u0131 unutmay\u0131n. Ziyaret etti\u011finiz herhangi bir \u00fc\u00e7\u00fcnc\u00fc taraf platformunun gizlilik politikalar\u0131n\u0131 incelemenizi \u00f6neririz, \u00e7\u00fcnk\u00fc uygulamalar\u0131 bizimkinden farkl\u0131 olabilir.<\/p>\n<h3 data-start=\"2419\" data-end=\"2779\">\u00c7ocuklar\u0131n Gizlili\u011fi<\/h3>\n<p data-start=\"2419\" data-end=\"2779\">AnonCam yaln\u0131zca yeti\u015fkinlere y\u00f6neliktir. 18 ya\u015f\u0131ndan k\u00fc\u00e7\u00fck bireylerden bilerek bilgi toplamay\u0131z veya saklamay\u0131z. Bir re\u015fit olmayan\u0131n istemeden ki\u015fisel bilgi sa\u011flad\u0131\u011f\u0131n\u0131 fark edersek, bunu sistemlerimizden silmek i\u00e7in derhal ad\u0131mlar ataca\u011f\u0131z. 18 ya\u015f\u0131ndan k\u00fc\u00e7\u00fck herhangi birinin hizmetimizi kullanmas\u0131 kesinlikle yasakt\u0131r.<\/p>\n<h3 data-start=\"2781\" data-end=\"3092\">Bu Gizlilik Politikas\u0131ndaki De\u011fi\u015fiklikler<\/h3>\n<p data-start=\"2781\" data-end=\"3092\">Bu Gizlilik Politikas\u0131n\u0131 herhangi bir zamanda g\u00fcncelleme veya de\u011fi\u015ftirme hakk\u0131n\u0131 sakl\u0131 tutuyoruz. De\u011fi\u015fiklikler yap\u0131ld\u0131\u011f\u0131nda, g\u00fcncellenen politika yeni bir y\u00fcr\u00fcrl\u00fck tarihiyle bu sayfada yay\u0131nlanacakt\u0131r. Gizlili\u011finizi nas\u0131l korudu\u011fumuz hakk\u0131nda bilgi sahibi olmak i\u00e7in bu politikay\u0131 periyodik olarak incelemenizi \u00f6neririz.<\/p>\n<h3 data-start=\"3094\" data-end=\"3382\">Bize Ula\u015f\u0131n<\/h3>\n<p data-start=\"3094\" data-end=\"3382\">Bu Gizlilik Politikas\u0131 veya gizlilik uygulamalar\u0131m\u0131zla ilgili herhangi bir sorunuz veya endi\u015feniz varsa l\u00fctfen ileti\u015fim sayfam\u0131z \u00fczerinden bizimle ileti\u015fime ge\u00e7in. G\u00fcveniniz bizim i\u00e7in \u00f6nemlidir ve AnonCam&#039;deki deneyiminizin g\u00fcvenli, emniyetli ve anonim kalmas\u0131n\u0131 sa\u011flamaya kendimizi adad\u0131k.<\/p>\n<p data-start=\"3384\" data-end=\"3546\" data-is-last-node=\"\" data-is-only-node=\"\">AnonCam&#039;i kullanarak, bu Gizlilik Politikas\u0131n\u0131n \u015fartlar\u0131n\u0131 okudu\u011funuzu, anlad\u0131\u011f\u0131n\u0131z\u0131 ve kabul etti\u011finizi kabul edersiniz. AnonCam&#039;de \u00f6zg\u00fcrce ve g\u00fcvenli bir \u015fekilde ba\u011flanman\u0131n tad\u0131n\u0131 \u00e7\u0131kar\u0131n!<\/p>","protected":false},"excerpt":{"rendered":"<p>At AnonCam, your privacy is our highest priority. We are committed to providing a secure, anonymous platform for spontaneous video chats without compromising your personal information. This policy explains what data we collect, how we use it, and the measures we take to ensure your privacy is protected when you use our service. Information We [&hellip;]<\/p>\n","protected":false},"author":1,"featured_media":0,"parent":0,"menu_order":0,"comment_status":"closed","ping_status":"closed","template":"","meta":{"footnotes":""},"class_list":["post-162","page","type-page","status-publish","hentry"],"yoast_head":"<!-- This site is optimized with the Yoast SEO plugin v27.4 - https:\/\/yoast.com\/product\/yoast-seo-wordpress\/ -->\n<title>Privacy - AnonCam<\/title>\n<meta name=\"robots\" content=\"index, follow, max-snippet:-1, max-image-preview:large, max-video-preview:-1\" \/>\n<link rel=\"canonical\" href=\"https:\/\/anoncam.com\/tr\/privacy\/\" \/>\n<meta property=\"og:locale\" content=\"tr_TR\" \/>\n<meta property=\"og:type\" content=\"article\" \/>\n<meta property=\"og:title\" content=\"Privacy - AnonCam\" \/>\n<meta property=\"og:description\" content=\"At AnonCam, your privacy is our highest priority. We are committed to providing a secure, anonymous platform for spontaneous video chats without compromising your personal information. This policy explains what data we collect, how we use it, and the measures we take to ensure your privacy is protected when you use our service. Information We [&hellip;]\" \/>\n<meta property=\"og:url\" content=\"https:\/\/anoncam.com\/tr\/privacy\/\" \/>\n<meta property=\"og:site_name\" content=\"AnonCam\" \/>\n<meta property=\"article:modified_time\" content=\"2025-02-28T12:46:03+00:00\" \/>\n<meta name=\"twitter:card\" content=\"summary_large_image\" \/>\n<meta name=\"twitter:label1\" content=\"Tahmini okuma s\u00fcresi\" \/>\n\t<meta name=\"twitter:data1\" content=\"3 dakika\" \/>\n<script type=\"application\/ld+json\" class=\"yoast-schema-graph\">{\"@context\":\"https:\\\/\\\/schema.org\",\"@graph\":[{\"@type\":\"WebPage\",\"@id\":\"https:\\\/\\\/anoncam.com\\\/privacy\\\/\",\"url\":\"https:\\\/\\\/anoncam.com\\\/privacy\\\/\",\"name\":\"Privacy - AnonCam\",\"isPartOf\":{\"@id\":\"https:\\\/\\\/anoncam.com\\\/#website\"},\"datePublished\":\"2025-02-28T12:44:02+00:00\",\"dateModified\":\"2025-02-28T12:46:03+00:00\",\"breadcrumb\":{\"@id\":\"https:\\\/\\\/anoncam.com\\\/privacy\\\/#breadcrumb\"},\"inLanguage\":\"tr\",\"potentialAction\":[{\"@type\":\"ReadAction\",\"target\":[\"https:\\\/\\\/anoncam.com\\\/privacy\\\/\"]}]},{\"@type\":\"BreadcrumbList\",\"@id\":\"https:\\\/\\\/anoncam.com\\\/privacy\\\/#breadcrumb\",\"itemListElement\":[{\"@type\":\"ListItem\",\"position\":1,\"name\":\"Home\",\"item\":\"https:\\\/\\\/anoncam.com\\\/\"},{\"@type\":\"ListItem\",\"position\":2,\"name\":\"Privacy\"}]},{\"@type\":\"WebSite\",\"@id\":\"https:\\\/\\\/anoncam.com\\\/#website\",\"url\":\"https:\\\/\\\/anoncam.com\\\/\",\"name\":\"AnonCam\",\"description\":\"\",\"publisher\":{\"@id\":\"https:\\\/\\\/anoncam.com\\\/#organization\"},\"potentialAction\":[{\"@type\":\"SearchAction\",\"target\":{\"@type\":\"EntryPoint\",\"urlTemplate\":\"https:\\\/\\\/anoncam.com\\\/?s={search_term_string}\"},\"query-input\":{\"@type\":\"PropertyValueSpecification\",\"valueRequired\":true,\"valueName\":\"search_term_string\"}}],\"inLanguage\":\"tr\"},{\"@type\":\"Organization\",\"@id\":\"https:\\\/\\\/anoncam.com\\\/#organization\",\"name\":\"AnonCam\",\"url\":\"https:\\\/\\\/anoncam.com\\\/\",\"logo\":{\"@type\":\"ImageObject\",\"inLanguage\":\"tr\",\"@id\":\"https:\\\/\\\/anoncam.com\\\/#\\\/schema\\\/logo\\\/image\\\/\",\"url\":\"https:\\\/\\\/anoncam.com\\\/wp-content\\\/uploads\\\/2025\\\/06\\\/anoncam_new1-1.png\",\"contentUrl\":\"https:\\\/\\\/anoncam.com\\\/wp-content\\\/uploads\\\/2025\\\/06\\\/anoncam_new1-1.png\",\"width\":845,\"height\":223,\"caption\":\"AnonCam\"},\"image\":{\"@id\":\"https:\\\/\\\/anoncam.com\\\/#\\\/schema\\\/logo\\\/image\\\/\"}}]}<\/script>\n<!-- \/ Yoast SEO plugin. -->","yoast_head_json":{"title":"Gizlilik - AnonCam","robots":{"index":"index","follow":"follow","max-snippet":"max-snippet:-1","max-image-preview":"max-image-preview:large","max-video-preview":"max-video-preview:-1"},"canonical":"https:\/\/anoncam.com\/tr\/privacy\/","og_locale":"tr_TR","og_type":"article","og_title":"Privacy - AnonCam","og_description":"At AnonCam, your privacy is our highest priority. We are committed to providing a secure, anonymous platform for spontaneous video chats without compromising your personal information. This policy explains what data we collect, how we use it, and the measures we take to ensure your privacy is protected when you use our service. Information We [&hellip;]","og_url":"https:\/\/anoncam.com\/tr\/privacy\/","og_site_name":"AnonCam","article_modified_time":"2025-02-28T12:46:03+00:00","twitter_card":"summary_large_image","twitter_misc":{"Tahmini okuma s\u00fcresi":"3 dakika"},"schema":{"@context":"https:\/\/schema.org","@graph":[{"@type":"WebPage","@id":"https:\/\/anoncam.com\/privacy\/","url":"https:\/\/anoncam.com\/privacy\/","name":"Gizlilik - AnonCam","isPartOf":{"@id":"https:\/\/anoncam.com\/#website"},"datePublished":"2025-02-28T12:44:02+00:00","dateModified":"2025-02-28T12:46:03+00:00","breadcrumb":{"@id":"https:\/\/anoncam.com\/privacy\/#breadcrumb"},"inLanguage":"tr","potentialAction":[{"@type":"ReadAction","target":["https:\/\/anoncam.com\/privacy\/"]}]},{"@type":"BreadcrumbList","@id":"https:\/\/anoncam.com\/privacy\/#breadcrumb","itemListElement":[{"@type":"ListItem","position":1,"name":"Home","item":"https:\/\/anoncam.com\/"},{"@type":"ListItem","position":2,"name":"Privacy"}]},{"@type":"WebSite","@id":"https:\/\/anoncam.com\/#website","url":"https:\/\/anoncam.com\/","name":"AnonKamera","description":"","publisher":{"@id":"https:\/\/anoncam.com\/#organization"},"potentialAction":[{"@type":"SearchAction","target":{"@type":"EntryPoint","urlTemplate":"https:\/\/anoncam.com\/?s={search_term_string}"},"query-input":{"@type":"PropertyValueSpecification","valueRequired":true,"valueName":"search_term_string"}}],"inLanguage":"tr"},{"@type":"Organization","@id":"https:\/\/anoncam.com\/#organization","name":"AnonKamera","url":"https:\/\/anoncam.com\/","logo":{"@type":"ImageObject","inLanguage":"tr","@id":"https:\/\/anoncam.com\/#\/schema\/logo\/image\/","url":"https:\/\/anoncam.com\/wp-content\/uploads\/2025\/06\/anoncam_new1-1.png","contentUrl":"https:\/\/anoncam.com\/wp-content\/uploads\/2025\/06\/anoncam_new1-1.png","width":845,"height":223,"caption":"AnonCam"},"image":{"@id":"https:\/\/anoncam.com\/#\/schema\/logo\/image\/"}}]}},"_links":{"self":[{"href":"https:\/\/anoncam.com\/tr\/wp-json\/wp\/v2\/pages\/162","targetHints":{"allow":["GET"]}}],"collection":[{"href":"https:\/\/anoncam.com\/tr\/wp-json\/wp\/v2\/pages"}],"about":[{"href":"https:\/\/anoncam.com\/tr\/wp-json\/wp\/v2\/types\/page"}],"author":[{"embeddable":true,"href":"https:\/\/anoncam.com\/tr\/wp-json\/wp\/v2\/users\/1"}],"replies":[{"embeddable":true,"href":"https:\/\/anoncam.com\/tr\/wp-json\/wp\/v2\/comments?post=162"}],"version-history":[{"count":2,"href":"https:\/\/anoncam.com\/tr\/wp-json\/wp\/v2\/pages\/162\/revisions"}],"predecessor-version":[{"id":164,"href":"https:\/\/anoncam.com\/tr\/wp-json\/wp\/v2\/pages\/162\/revisions\/164"}],"wp:attachment":[{"href":"https:\/\/anoncam.com\/tr\/wp-json\/wp\/v2\/media?parent=162"}],"curies":[{"name":"wp","href":"https:\/\/api.w.org\/{rel}","templated":true}]}}