{"id":166,"date":"2025-02-28T12:47:45","date_gmt":"2025-02-28T12:47:45","guid":{"rendered":"https:\/\/anoncam.com\/?page_id=166"},"modified":"2025-02-28T12:47:45","modified_gmt":"2025-02-28T12:47:45","slug":"terms","status":"publish","type":"page","link":"https:\/\/anoncam.com\/tr\/terms\/","title":{"rendered":"\u015eartlar"},"content":{"rendered":"<p data-start=\"26\" data-end=\"219\">Platformumuza eri\u015ferek ve kullanarak, bu \u015eartlar ve Ko\u015fullara ba\u011fl\u0131 kalmay\u0131 kabul etmi\u015f olursunuz. Bu \u015fartlardan herhangi birini kabul etmiyorsan\u0131z, l\u00fctfen hizmetimizi kullanmaktan ka\u00e7\u0131n\u0131n.<\/p>\n<h3 data-start=\"221\" data-end=\"244\">\u015eartlar\u0131n Kabul\u00fc<\/h3>\n<p data-start=\"245\" data-end=\"499\">AnonCam&#039;i kullanarak en az 18 ya\u015f\u0131nda oldu\u011funuzu ve bu \u015eartlar ve Ko\u015fullar\u0131 okudu\u011funuzu, anlad\u0131\u011f\u0131n\u0131z\u0131 ve kabul etti\u011finizi onayl\u0131yorsunuz. Hizmeti kullanmaya devam etmeniz, bu \u015fartlarda yap\u0131lan herhangi bir de\u011fi\u015fiklik veya g\u00fcncellemeye onay verdi\u011finizi g\u00f6sterir.<\/p>\n<h3 data-start=\"501\" data-end=\"523\">Hizmetin Kullan\u0131m\u0131<\/h3>\n<p data-start=\"524\" data-end=\"873\">AnonCam, yaln\u0131zca yasal ama\u00e7lar i\u00e7in tasarlanm\u0131\u015f anonim, rastgele bir g\u00f6r\u00fcnt\u00fcl\u00fc sohbet platformudur. Hizmeti sorumlu bir \u015fekilde kullanmay\u0131 ve yasa d\u0131\u015f\u0131, zararl\u0131 veya ba\u015fkalar\u0131n\u0131n haklar\u0131n\u0131 ihlal eden herhangi bir faaliyette bulunmaktan ka\u00e7\u0131nmay\u0131 kabul edersiniz. Taciz, nefret s\u00f6ylemi ve her t\u00fcrl\u00fc k\u00f6t\u00fc davran\u0131\u015f da dahil olmak \u00fczere yetkisiz davran\u0131\u015flar kesinlikle yasakt\u0131r.<\/p>\n<h3 data-start=\"875\" data-end=\"900\">Kullan\u0131c\u0131 Sorumluluklar\u0131<\/h3>\n<ul data-start=\"901\" data-end=\"1172\">\n<li data-start=\"901\" data-end=\"990\">AnonCam&#039;deki etkile\u015fimlerinizin i\u00e7eri\u011finden ve y\u00fcr\u00fct\u00fclmesinden yaln\u0131zca siz sorumlusunuz.<\/li>\n<li data-start=\"991\" data-end=\"1059\">Di\u011fer kullan\u0131c\u0131lara kar\u015f\u0131 her zaman sayg\u0131 ve nezaket g\u00f6stermek gerekir.<\/li>\n<li data-start=\"1060\" data-end=\"1172\">AnonCam, bu \u015eartlar ve Ko\u015fullar&#039;\u0131 ihlal eden herhangi bir kullan\u0131c\u0131n\u0131n eri\u015fimini ask\u0131ya alma veya sonland\u0131rma hakk\u0131n\u0131 sakl\u0131 tutar.<\/li>\n<\/ul>\n<h3 data-start=\"1174\" data-end=\"1205\">Gizlilik ve Veri Toplama<\/h3>\n<p data-start=\"1206\" data-end=\"1441\">AnonCam gizlili\u011finizi korumaya kendini adam\u0131\u015ft\u0131r. Gizlilik Politikam\u0131zda ayr\u0131nt\u0131l\u0131 olarak a\u00e7\u0131kland\u0131\u011f\u0131 gibi, hizmeti s\u00fcrd\u00fcrmek ve g\u00fcvenli\u011fini sa\u011flamak i\u00e7in yaln\u0131zca asgari d\u00fczeyde gerekli verileri topluyoruz. Platformumuzu kullanarak, s\u00f6z konusu politikada belirtilen uygulamalar\u0131 kabul etmi\u015f olursunuz.<\/p>\n<h3 data-start=\"1443\" data-end=\"1466\">\u0130\u00e7erik ve Davran\u0131\u015f<\/h3>\n<p data-start=\"1467\" data-end=\"1742\">Kullan\u0131c\u0131lar, g\u00f6r\u00fcnt\u00fcl\u00fc sohbetleri s\u0131ras\u0131nda payla\u015f\u0131lan t\u00fcm i\u00e7eriklerden sorumludur. Sald\u0131rgan, k\u00fcf\u00fcrl\u00fc veya zararl\u0131 i\u00e7eriklerin payla\u015f\u0131lmas\u0131 kesinlikle yasakt\u0131r. AnonCam, bu \u015eartlar ve Ko\u015fullar&#039;\u0131 ihlal etti\u011fi d\u00fc\u015f\u00fcn\u00fcl\u00fcrse, \u00f6nceden bildirimde bulunmaks\u0131z\u0131n herhangi bir i\u00e7eri\u011fi kald\u0131rabilir veya eri\u015fimi k\u0131s\u0131tlayabilir.<\/p>\n<h3 data-start=\"1744\" data-end=\"1787\">Sorumluluk Reddi ve Sorumlulu\u011fun S\u0131n\u0131rland\u0131r\u0131lmas\u0131<\/h3>\n<p data-start=\"1788\" data-end=\"2096\">AnonCam hizmeti, a\u00e7\u0131k veya z\u0131mni hi\u00e7bir t\u00fcrde garanti olmaks\u0131z\u0131n &quot;oldu\u011fu gibi&quot; ve &quot;mevcut oldu\u011fu \u015fekilde&quot; sa\u011flan\u0131r. Kesintisiz veya hatas\u0131z hizmeti garanti etmiyoruz ve platformu kullan\u0131m\u0131n\u0131zdan kaynaklanan do\u011frudan, dolayl\u0131, tesad\u00fcfi veya sonu\u00e7sal hasarlardan sorumlu de\u011filiz.<\/p>\n<h3 data-start=\"2098\" data-end=\"2122\">\u015eartlarda De\u011fi\u015fiklikler<\/h3>\n<p data-start=\"2123\" data-end=\"2330\">Bu \u015eartlar ve Ko\u015fullar\u0131 herhangi bir zamanda de\u011fi\u015ftirme hakk\u0131n\u0131 sakl\u0131 tutuyoruz. G\u00fcncellemeler bu sayfada yay\u0131nlanacak ve herhangi bir de\u011fi\u015fiklikten sonra AnonCam&#039;i kullanmaya devam etmeniz, revize edilmi\u015f \u015fartlar\u0131 kabul etti\u011finiz anlam\u0131na gelir.<\/p>\n<h3 data-start=\"2332\" data-end=\"2349\">Y\u00fcr\u00fcrl\u00fckteki Hukuk<\/h3>\n<p data-start=\"2350\" data-end=\"2590\">Bu \u015eartlar ve Ko\u015fullar, AnonCam&#039;in i\u015fleyi\u015fine uygulanabilir yasalara g\u00f6re y\u00f6netilecek ve yorumlanacakt\u0131r. Bu \u015fartlardan kaynaklanan herhangi bir anla\u015fmazl\u0131k, ilgili mahkemelerin m\u00fcnhas\u0131r yarg\u0131 yetkisine tabi olacakt\u0131r.<\/p>\n<h3 data-start=\"2592\" data-end=\"2615\">\u0130leti\u015fim Bilgileri<\/h3>\n<p data-start=\"2616\" data-end=\"2737\">Bu \u015eartlar ve Ko\u015fullar ile ilgili herhangi bir sorunuz veya endi\u015feniz varsa, l\u00fctfen daha fazla yard\u0131m i\u00e7in \u0130leti\u015fim sayfam\u0131z\u0131 ziyaret edin.<\/p>\n<p data-start=\"2739\" data-end=\"2817\" data-is-last-node=\"\" data-is-only-node=\"\">AnonCam&#039;i se\u00e7ti\u011finiz i\u00e7in te\u015fekk\u00fcr ederiz. Deneyiminizin tad\u0131n\u0131 \u00e7\u0131kar\u0131n ve sorumlu bir \u015fekilde ba\u011flan\u0131n!<\/p>","protected":false},"excerpt":{"rendered":"<p>By accessing and using our platform, you agree to be bound by these Terms and Conditions. If you do not agree with any of these terms, please refrain from using our service. Acceptance of Terms By using AnonCam, you confirm that you are at least 18 years of age and that you have read, understood, [&hellip;]<\/p>\n","protected":false},"author":1,"featured_media":0,"parent":0,"menu_order":0,"comment_status":"closed","ping_status":"closed","template":"","meta":{"footnotes":""},"class_list":["post-166","page","type-page","status-publish","hentry"],"yoast_head":"<!-- This site is optimized with the Yoast SEO plugin v27.4 - https:\/\/yoast.com\/product\/yoast-seo-wordpress\/ -->\n<title>Terms - AnonCam<\/title>\n<meta name=\"robots\" content=\"index, follow, max-snippet:-1, max-image-preview:large, max-video-preview:-1\" \/>\n<link rel=\"canonical\" href=\"https:\/\/anoncam.com\/tr\/terms\/\" \/>\n<meta property=\"og:locale\" content=\"tr_TR\" \/>\n<meta property=\"og:type\" content=\"article\" \/>\n<meta property=\"og:title\" content=\"Terms - AnonCam\" \/>\n<meta property=\"og:description\" content=\"By accessing and using our platform, you agree to be bound by these Terms and Conditions. If you do not agree with any of these terms, please refrain from using our service. Acceptance of Terms By using AnonCam, you confirm that you are at least 18 years of age and that you have read, understood, [&hellip;]\" \/>\n<meta property=\"og:url\" content=\"https:\/\/anoncam.com\/tr\/terms\/\" \/>\n<meta property=\"og:site_name\" content=\"AnonCam\" \/>\n<meta name=\"twitter:card\" content=\"summary_large_image\" \/>\n<meta name=\"twitter:label1\" content=\"Tahmini okuma s\u00fcresi\" \/>\n\t<meta name=\"twitter:data1\" content=\"2 dakika\" \/>\n<script type=\"application\/ld+json\" class=\"yoast-schema-graph\">{\"@context\":\"https:\\\/\\\/schema.org\",\"@graph\":[{\"@type\":\"WebPage\",\"@id\":\"https:\\\/\\\/anoncam.com\\\/terms\\\/\",\"url\":\"https:\\\/\\\/anoncam.com\\\/terms\\\/\",\"name\":\"Terms - AnonCam\",\"isPartOf\":{\"@id\":\"https:\\\/\\\/anoncam.com\\\/#website\"},\"datePublished\":\"2025-02-28T12:47:45+00:00\",\"breadcrumb\":{\"@id\":\"https:\\\/\\\/anoncam.com\\\/terms\\\/#breadcrumb\"},\"inLanguage\":\"tr\",\"potentialAction\":[{\"@type\":\"ReadAction\",\"target\":[\"https:\\\/\\\/anoncam.com\\\/terms\\\/\"]}]},{\"@type\":\"BreadcrumbList\",\"@id\":\"https:\\\/\\\/anoncam.com\\\/terms\\\/#breadcrumb\",\"itemListElement\":[{\"@type\":\"ListItem\",\"position\":1,\"name\":\"Home\",\"item\":\"https:\\\/\\\/anoncam.com\\\/\"},{\"@type\":\"ListItem\",\"position\":2,\"name\":\"Terms\"}]},{\"@type\":\"WebSite\",\"@id\":\"https:\\\/\\\/anoncam.com\\\/#website\",\"url\":\"https:\\\/\\\/anoncam.com\\\/\",\"name\":\"AnonCam\",\"description\":\"\",\"publisher\":{\"@id\":\"https:\\\/\\\/anoncam.com\\\/#organization\"},\"potentialAction\":[{\"@type\":\"SearchAction\",\"target\":{\"@type\":\"EntryPoint\",\"urlTemplate\":\"https:\\\/\\\/anoncam.com\\\/?s={search_term_string}\"},\"query-input\":{\"@type\":\"PropertyValueSpecification\",\"valueRequired\":true,\"valueName\":\"search_term_string\"}}],\"inLanguage\":\"tr\"},{\"@type\":\"Organization\",\"@id\":\"https:\\\/\\\/anoncam.com\\\/#organization\",\"name\":\"AnonCam\",\"url\":\"https:\\\/\\\/anoncam.com\\\/\",\"logo\":{\"@type\":\"ImageObject\",\"inLanguage\":\"tr\",\"@id\":\"https:\\\/\\\/anoncam.com\\\/#\\\/schema\\\/logo\\\/image\\\/\",\"url\":\"https:\\\/\\\/anoncam.com\\\/wp-content\\\/uploads\\\/2025\\\/06\\\/anoncam_new1-1.png\",\"contentUrl\":\"https:\\\/\\\/anoncam.com\\\/wp-content\\\/uploads\\\/2025\\\/06\\\/anoncam_new1-1.png\",\"width\":845,\"height\":223,\"caption\":\"AnonCam\"},\"image\":{\"@id\":\"https:\\\/\\\/anoncam.com\\\/#\\\/schema\\\/logo\\\/image\\\/\"}}]}<\/script>\n<!-- \/ Yoast SEO plugin. -->","yoast_head_json":{"title":"\u015eartlar - AnonCam","robots":{"index":"index","follow":"follow","max-snippet":"max-snippet:-1","max-image-preview":"max-image-preview:large","max-video-preview":"max-video-preview:-1"},"canonical":"https:\/\/anoncam.com\/tr\/terms\/","og_locale":"tr_TR","og_type":"article","og_title":"Terms - AnonCam","og_description":"By accessing and using our platform, you agree to be bound by these Terms and Conditions. If you do not agree with any of these terms, please refrain from using our service. Acceptance of Terms By using AnonCam, you confirm that you are at least 18 years of age and that you have read, understood, [&hellip;]","og_url":"https:\/\/anoncam.com\/tr\/terms\/","og_site_name":"AnonCam","twitter_card":"summary_large_image","twitter_misc":{"Tahmini okuma s\u00fcresi":"2 dakika"},"schema":{"@context":"https:\/\/schema.org","@graph":[{"@type":"WebPage","@id":"https:\/\/anoncam.com\/terms\/","url":"https:\/\/anoncam.com\/terms\/","name":"\u015eartlar - AnonCam","isPartOf":{"@id":"https:\/\/anoncam.com\/#website"},"datePublished":"2025-02-28T12:47:45+00:00","breadcrumb":{"@id":"https:\/\/anoncam.com\/terms\/#breadcrumb"},"inLanguage":"tr","potentialAction":[{"@type":"ReadAction","target":["https:\/\/anoncam.com\/terms\/"]}]},{"@type":"BreadcrumbList","@id":"https:\/\/anoncam.com\/terms\/#breadcrumb","itemListElement":[{"@type":"ListItem","position":1,"name":"Home","item":"https:\/\/anoncam.com\/"},{"@type":"ListItem","position":2,"name":"Terms"}]},{"@type":"WebSite","@id":"https:\/\/anoncam.com\/#website","url":"https:\/\/anoncam.com\/","name":"AnonKamera","description":"","publisher":{"@id":"https:\/\/anoncam.com\/#organization"},"potentialAction":[{"@type":"SearchAction","target":{"@type":"EntryPoint","urlTemplate":"https:\/\/anoncam.com\/?s={search_term_string}"},"query-input":{"@type":"PropertyValueSpecification","valueRequired":true,"valueName":"search_term_string"}}],"inLanguage":"tr"},{"@type":"Organization","@id":"https:\/\/anoncam.com\/#organization","name":"AnonKamera","url":"https:\/\/anoncam.com\/","logo":{"@type":"ImageObject","inLanguage":"tr","@id":"https:\/\/anoncam.com\/#\/schema\/logo\/image\/","url":"https:\/\/anoncam.com\/wp-content\/uploads\/2025\/06\/anoncam_new1-1.png","contentUrl":"https:\/\/anoncam.com\/wp-content\/uploads\/2025\/06\/anoncam_new1-1.png","width":845,"height":223,"caption":"AnonCam"},"image":{"@id":"https:\/\/anoncam.com\/#\/schema\/logo\/image\/"}}]}},"_links":{"self":[{"href":"https:\/\/anoncam.com\/tr\/wp-json\/wp\/v2\/pages\/166","targetHints":{"allow":["GET"]}}],"collection":[{"href":"https:\/\/anoncam.com\/tr\/wp-json\/wp\/v2\/pages"}],"about":[{"href":"https:\/\/anoncam.com\/tr\/wp-json\/wp\/v2\/types\/page"}],"author":[{"embeddable":true,"href":"https:\/\/anoncam.com\/tr\/wp-json\/wp\/v2\/users\/1"}],"replies":[{"embeddable":true,"href":"https:\/\/anoncam.com\/tr\/wp-json\/wp\/v2\/comments?post=166"}],"version-history":[{"count":1,"href":"https:\/\/anoncam.com\/tr\/wp-json\/wp\/v2\/pages\/166\/revisions"}],"predecessor-version":[{"id":167,"href":"https:\/\/anoncam.com\/tr\/wp-json\/wp\/v2\/pages\/166\/revisions\/167"}],"wp:attachment":[{"href":"https:\/\/anoncam.com\/tr\/wp-json\/wp\/v2\/media?parent=166"}],"curies":[{"name":"wp","href":"https:\/\/api.w.org\/{rel}","templated":true}]}}