{"id":169,"date":"2025-02-28T12:50:02","date_gmt":"2025-02-28T12:50:02","guid":{"rendered":"https:\/\/anoncam.com\/?page_id=169"},"modified":"2025-02-28T12:50:02","modified_gmt":"2025-02-28T12:50:02","slug":"contact","status":"publish","type":"page","link":"https:\/\/anoncam.com\/tr\/contact\/","title":{"rendered":"Temas etmek"},"content":{"rendered":"<p>Sizden haber almak isteriz! Herhangi bir soru, geri bildirim veya destek i\u00e7in l\u00fctfen a\u015fa\u011f\u0131daki ileti\u015fim formunu doldurun. Ekibimiz mesaj\u0131n\u0131z\u0131 inceleyecek ve en k\u0131sa s\u00fcrede size geri d\u00f6necektir. AnonCam&#039;e ula\u015ft\u0131\u011f\u0131n\u0131z i\u00e7in te\u015fekk\u00fcr ederiz!<\/p>","protected":false},"excerpt":{"rendered":"<p>Sizden haber almak isteriz! Herhangi bir soru, geri bildirim veya destek i\u00e7in l\u00fctfen a\u015fa\u011f\u0131daki ileti\u015fim formunu doldurun. Ekibimiz mesaj\u0131n\u0131z\u0131 inceleyecek ve en k\u0131sa s\u00fcrede size geri d\u00f6necektir. AnonCam&#039;e ula\u015ft\u0131\u011f\u0131n\u0131z i\u00e7in te\u015fekk\u00fcr ederiz!<\/p>","protected":false},"author":1,"featured_media":0,"parent":0,"menu_order":0,"comment_status":"closed","ping_status":"closed","template":"","meta":{"footnotes":""},"class_list":["post-169","page","type-page","status-publish","hentry"],"yoast_head":"<!-- This site is optimized with the Yoast SEO plugin v27.4 - https:\/\/yoast.com\/product\/yoast-seo-wordpress\/ -->\n<title>Contact - AnonCam<\/title>\n<meta name=\"robots\" content=\"index, follow, max-snippet:-1, max-image-preview:large, max-video-preview:-1\" \/>\n<link rel=\"canonical\" href=\"https:\/\/anoncam.com\/tr\/contact\/\" \/>\n<meta property=\"og:locale\" content=\"tr_TR\" \/>\n<meta property=\"og:type\" content=\"article\" \/>\n<meta property=\"og:title\" content=\"Contact - AnonCam\" \/>\n<meta property=\"og:description\" content=\"We\u2019d love to hear from you! For any inquiries, feedback, or support, please fill out the contact form below. Our team will review your message and get back to you as soon as possible. Thank you for reaching out to AnonCam!\" \/>\n<meta property=\"og:url\" content=\"https:\/\/anoncam.com\/tr\/contact\/\" \/>\n<meta property=\"og:site_name\" content=\"AnonCam\" \/>\n<meta name=\"twitter:card\" content=\"summary_large_image\" \/>\n<script type=\"application\/ld+json\" class=\"yoast-schema-graph\">{\"@context\":\"https:\\\/\\\/schema.org\",\"@graph\":[{\"@type\":\"WebPage\",\"@id\":\"https:\\\/\\\/anoncam.com\\\/contact\\\/\",\"url\":\"https:\\\/\\\/anoncam.com\\\/contact\\\/\",\"name\":\"Contact - AnonCam\",\"isPartOf\":{\"@id\":\"https:\\\/\\\/anoncam.com\\\/#website\"},\"datePublished\":\"2025-02-28T12:50:02+00:00\",\"breadcrumb\":{\"@id\":\"https:\\\/\\\/anoncam.com\\\/contact\\\/#breadcrumb\"},\"inLanguage\":\"tr\",\"potentialAction\":[{\"@type\":\"ReadAction\",\"target\":[\"https:\\\/\\\/anoncam.com\\\/contact\\\/\"]}]},{\"@type\":\"BreadcrumbList\",\"@id\":\"https:\\\/\\\/anoncam.com\\\/contact\\\/#breadcrumb\",\"itemListElement\":[{\"@type\":\"ListItem\",\"position\":1,\"name\":\"Home\",\"item\":\"https:\\\/\\\/anoncam.com\\\/\"},{\"@type\":\"ListItem\",\"position\":2,\"name\":\"Contact\"}]},{\"@type\":\"WebSite\",\"@id\":\"https:\\\/\\\/anoncam.com\\\/#website\",\"url\":\"https:\\\/\\\/anoncam.com\\\/\",\"name\":\"AnonCam\",\"description\":\"\",\"publisher\":{\"@id\":\"https:\\\/\\\/anoncam.com\\\/#organization\"},\"potentialAction\":[{\"@type\":\"SearchAction\",\"target\":{\"@type\":\"EntryPoint\",\"urlTemplate\":\"https:\\\/\\\/anoncam.com\\\/?s={search_term_string}\"},\"query-input\":{\"@type\":\"PropertyValueSpecification\",\"valueRequired\":true,\"valueName\":\"search_term_string\"}}],\"inLanguage\":\"tr\"},{\"@type\":\"Organization\",\"@id\":\"https:\\\/\\\/anoncam.com\\\/#organization\",\"name\":\"AnonCam\",\"url\":\"https:\\\/\\\/anoncam.com\\\/\",\"logo\":{\"@type\":\"ImageObject\",\"inLanguage\":\"tr\",\"@id\":\"https:\\\/\\\/anoncam.com\\\/#\\\/schema\\\/logo\\\/image\\\/\",\"url\":\"https:\\\/\\\/anoncam.com\\\/wp-content\\\/uploads\\\/2025\\\/06\\\/anoncam_new1-1.png\",\"contentUrl\":\"https:\\\/\\\/anoncam.com\\\/wp-content\\\/uploads\\\/2025\\\/06\\\/anoncam_new1-1.png\",\"width\":845,\"height\":223,\"caption\":\"AnonCam\"},\"image\":{\"@id\":\"https:\\\/\\\/anoncam.com\\\/#\\\/schema\\\/logo\\\/image\\\/\"}}]}<\/script>\n<!-- \/ Yoast SEO plugin. -->","yoast_head_json":{"title":"\u0130leti\u015fim - AnonCam","robots":{"index":"index","follow":"follow","max-snippet":"max-snippet:-1","max-image-preview":"max-image-preview:large","max-video-preview":"max-video-preview:-1"},"canonical":"https:\/\/anoncam.com\/tr\/contact\/","og_locale":"tr_TR","og_type":"article","og_title":"Contact - AnonCam","og_description":"We\u2019d love to hear from you! For any inquiries, feedback, or support, please fill out the contact form below. Our team will review your message and get back to you as soon as possible. Thank you for reaching out to AnonCam!","og_url":"https:\/\/anoncam.com\/tr\/contact\/","og_site_name":"AnonCam","twitter_card":"summary_large_image","schema":{"@context":"https:\/\/schema.org","@graph":[{"@type":"WebPage","@id":"https:\/\/anoncam.com\/contact\/","url":"https:\/\/anoncam.com\/contact\/","name":"\u0130leti\u015fim - AnonCam","isPartOf":{"@id":"https:\/\/anoncam.com\/#website"},"datePublished":"2025-02-28T12:50:02+00:00","breadcrumb":{"@id":"https:\/\/anoncam.com\/contact\/#breadcrumb"},"inLanguage":"tr","potentialAction":[{"@type":"ReadAction","target":["https:\/\/anoncam.com\/contact\/"]}]},{"@type":"BreadcrumbList","@id":"https:\/\/anoncam.com\/contact\/#breadcrumb","itemListElement":[{"@type":"ListItem","position":1,"name":"Home","item":"https:\/\/anoncam.com\/"},{"@type":"ListItem","position":2,"name":"Contact"}]},{"@type":"WebSite","@id":"https:\/\/anoncam.com\/#website","url":"https:\/\/anoncam.com\/","name":"AnonKamera","description":"","publisher":{"@id":"https:\/\/anoncam.com\/#organization"},"potentialAction":[{"@type":"SearchAction","target":{"@type":"EntryPoint","urlTemplate":"https:\/\/anoncam.com\/?s={search_term_string}"},"query-input":{"@type":"PropertyValueSpecification","valueRequired":true,"valueName":"search_term_string"}}],"inLanguage":"tr"},{"@type":"Organization","@id":"https:\/\/anoncam.com\/#organization","name":"AnonKamera","url":"https:\/\/anoncam.com\/","logo":{"@type":"ImageObject","inLanguage":"tr","@id":"https:\/\/anoncam.com\/#\/schema\/logo\/image\/","url":"https:\/\/anoncam.com\/wp-content\/uploads\/2025\/06\/anoncam_new1-1.png","contentUrl":"https:\/\/anoncam.com\/wp-content\/uploads\/2025\/06\/anoncam_new1-1.png","width":845,"height":223,"caption":"AnonCam"},"image":{"@id":"https:\/\/anoncam.com\/#\/schema\/logo\/image\/"}}]}},"_links":{"self":[{"href":"https:\/\/anoncam.com\/tr\/wp-json\/wp\/v2\/pages\/169","targetHints":{"allow":["GET"]}}],"collection":[{"href":"https:\/\/anoncam.com\/tr\/wp-json\/wp\/v2\/pages"}],"about":[{"href":"https:\/\/anoncam.com\/tr\/wp-json\/wp\/v2\/types\/page"}],"author":[{"embeddable":true,"href":"https:\/\/anoncam.com\/tr\/wp-json\/wp\/v2\/users\/1"}],"replies":[{"embeddable":true,"href":"https:\/\/anoncam.com\/tr\/wp-json\/wp\/v2\/comments?post=169"}],"version-history":[{"count":1,"href":"https:\/\/anoncam.com\/tr\/wp-json\/wp\/v2\/pages\/169\/revisions"}],"predecessor-version":[{"id":170,"href":"https:\/\/anoncam.com\/tr\/wp-json\/wp\/v2\/pages\/169\/revisions\/170"}],"wp:attachment":[{"href":"https:\/\/anoncam.com\/tr\/wp-json\/wp\/v2\/media?parent=169"}],"curies":[{"name":"wp","href":"https:\/\/api.w.org\/{rel}","templated":true}]}}